{"id":4495,"date":"2016-11-17T08:32:37","date_gmt":"2016-11-17T07:32:37","guid":{"rendered":"http:\/\/new.legendfest.hr\/projects\/legendexpo\/?lang=en"},"modified":"2016-12-17T04:26:54","modified_gmt":"2016-12-17T03:26:54","slug":"legendexpo","status":"publish","type":"page","link":"https:\/\/legendfest.hr\/en\/projects\/legendexpo\/","title":{"rendered":"LegendExpo"},"content":{"rendered":"<p>[vc_row container_width=&#8221;yes&#8221; full_height=&#8221;yes&#8221;][vc_column][vc_tta_tabs active_section=&#8221;4&#8243; pagination_style=&#8221;outline-round&#8221;][vc_tta_section title=&#8221;About LegendExpo&#8221; tab_id=&#8221;1-LegendExpo&#8221;][vc_column_text]<\/p>\n<h3>LegendExpo &#8211;\u00a0exhibition of original works on the subject of legends, myths and stories of Croatia<\/h3>\n<p>In 2014 Association Val kulture (Wave of culture) launched a project named LegendExpo as a logical extension of the existing LegendFest. Its mission is to raise awareness of the importance of Croatian art and cultural heritage as well as promoting local artists.<\/p>\n<p>The project\u2019s objectives, which have cultural and educational characteristics, are:<\/p>\n<ul>\n<li>Education about the myths, legends and stories of the rich Croatian intangible heritage<\/li>\n<li>Promoting gallery exhibitions, enriching the cultural and artistic offers for the Croatian public and encouraging creation of cultural habits<\/li>\n<li>Cultural linking of the major cities with their immediate environment and the spread of a variety of cultural events to other counties<\/li>\n<\/ul>\n<p>LegendExpo is a traveling exhibition featuring original artworks on the topic of legends, myths and Croatian folktales, created by the eminent Croatian artists, cartoonists, illustrators, photographers and other visual artists. Exhibitions present various forms of visual art such as comics, photographs, paintings, sculptures, films and literary form.<\/p>\n<p>The works of <strong>Manuel \u0160umberac, Ivan Gregov, Hana Tintor, Zdenko Ba\u0161i\u0107, Philip Burburan, Tomislav Tomi\u0107, Igor Kordej, Esad Ribi\u0107, Nenad Panti\u0107, Milivoj \u0106eran<\/strong> and other artists were created as a visual identity of LegendFest over the last eleven years. Each artist designed the primary illustration for promotional materials of the festival on the going theme for that particular year. All festival themes are taken from the Croatian customs, heritage, stories, legends and myths and are described in detail in many professional publications by renowned ethnologists.<\/p>\n<p>In addition to the organization, structure and setting up the exhibition LegendExpo, Association Val kulture also carries out the overall marketing, graphic processing and press.[\/vc_column_text][\/vc_tta_section][vc_tta_section title=&#8221;Traveling exhibitions&#8221; tab_id=&#8221;2-TravelEx&#8221;][vc_column_text]<\/p>\n<h3>Traveling exhibitions<\/h3>\n<p>In general, LegendExpo precedes LegendFest in order to announce and promote the festival in a particular county, but the exhibition can also be set up in other places and other times during the year, regardless of the festival.<\/p>\n<p>In recent years the exhibitions have been held at LegendFest festivals in Istria, Zagreb and \u0160ibenik &#8211; Knin counties, as well as many other Croatian cities.<\/p>\n<p>During the 2015 LegendExpo was held in <strong>Sveti Ivan Zelina, Samobor, Zagreb<\/strong> and finally ending up in <strong>Pi\u0107an<\/strong>.<\/p>\n<p>In 2016 LegendExpo travelled from the City Library Franjo Markovi\u0107 in <strong>Kri\u017eevci<\/strong> to the Open University of <strong>Velika Gorica<\/strong>, where it announced the upcoming LegendFest in the old town of Lukavec. July exhibition in <strong>Skradin<\/strong>, held at the administrative building of the Public Institute of Krka National Park, announced LegendFest at Ro\u0161ki slap (waterfall).<\/p>\n<p>LegendeExpo will also be held in 2017 with all the details coming soon\u2026[\/vc_column_text][\/vc_tta_section][vc_tta_section title=&#8221;Illustrators&#8221; tab_id=&#8221;3-Illustrators&#8221;][vc_column_text]<\/p>\n<h3>LegendExpo and illustrators<\/h3>\n<p>Each year LegendFest presents a different programme theme based on Croatian customs, heritage, folk tales, legends and myths which Croatian eminent artists, draftsmen and illustrators bring to life thorough their artistic work.<\/p>\n<p>Manuel \u0160umberac, Ivan Gregov, Hana Tintor, Zdenko Ba\u0161i\u0107, Philip Burburan, Tomislav Tomi\u0107, Igor Kordej, Esad Ribi\u0107, Nenad Panti\u0107, Milivoj \u0106eran and other artists create unique visual identity of LegendFest which is promoted in our exhibitions at LegendExpo, on our website and in all other promotional materials.<\/p>\n<p>The works of the internationally recognized and award-winning Croatian artists can be seen <a href=\"http:\/\/legendfest.hr\/en\/legendfest\/illustrators\/\">here<\/a>.[\/vc_column_text][\/vc_tta_section][vc_tta_section title=&#8221;Articles&#8221; tab_id=&#8221;4-Articles&#8221;][vc_column_text]<\/p>\n<h3>All articles related to\u00a0LegendExpo<\/h3>\n<p>[\/vc_column_text][vc_empty_space]\t\t<div  class=\"masonry-blog masonry\"  >\n\t\t\t\n\t\t\t\t\t\t<div class=\"masonry-container columns-4\">\n\t\t\t\t\t\t\t\t\t<div class=\"loadmore-item masonry-item\">\n\t\t\t\t\t\t<div class=\"item-wrap\">\n\t\t\t\t\t\t    <div class=\"content-featured\" >\n\t\t\t\t\t\t\t\t\t\t\t\t\t\t\t\t\t<a class=\"content-thumb\" href=\"https:\/\/legendfest.hr\/en\/opening-of-the-legendexpo-in-sibenik\/\" title=\"Permalink to: &quot;Opening of the LegendExpo Exhibition in \u0160ibenik&quot;\">\n<img width=\"2048\" height=\"1231\" src=\"https:\/\/legendfest.hr\/wp-content\/uploads\/2016\/11\/LegendExpo-2017.jpg\" class=\"attachment-fullwidth-fullwidth size-fullwidth-fullwidth wp-post-image\" alt=\"\" decoding=\"async\" loading=\"lazy\" srcset=\"https:\/\/legendfest.hr\/wp-content\/uploads\/2016\/11\/LegendExpo-2017.jpg 2048w, https:\/\/legendfest.hr\/wp-content\/uploads\/2016\/11\/LegendExpo-2017-300x180.jpg 300w, https:\/\/legendfest.hr\/wp-content\/uploads\/2016\/11\/LegendExpo-2017-768x462.jpg 768w, https:\/\/legendfest.hr\/wp-content\/uploads\/2016\/11\/LegendExpo-2017-1024x616.jpg 1024w, https:\/\/legendfest.hr\/wp-content\/uploads\/2016\/11\/LegendExpo-2017-1320x793.jpg 1320w\" sizes=\"(max-width: 2048px) 100vw, 2048px\" \/>\n<\/a>\t\t\t\t\t\t\t\t\t\t\t\t\t\t\t\t\t\t\t<span class=\"time\">\n\t\t\t\t\t\t\t\t\t\t\t29 May, 2017\t\t\t\t\t\t\t\t\t\t<\/span>\n\t\t\t\t\t\t\t\t\t\t\t\t\t\t\t\t\t\t\t\t\t\t\t    <\/div>\n\n\t\t\t\t\t\t    \t\t\t\t\t\t\t\t<div class=\"item-content\">\n\t\t\t\t\t\t\t\t\t\t\t\t\t\t\t\t\t\t<h3 class=\"item-title\">\n\t\t\t\t\t\t\t\t\t\t<a href=\"https:\/\/legendfest.hr\/en\/opening-of-the-legendexpo-in-sibenik\/\" title=\"Permanent link to: &quot;Opening of the LegendExpo Exhibition in \u0160ibenik&quot;\">Opening of the LegendExpo Exhibition in \u0160ibenik<\/a>\n\t\t\t\t\t\t\t\t\t<\/h3>\n\t\t\t\t\t\t\t\t\t\t\t\t\t\t\t\t\t\t<div class=\"item-excerpt\">\n\t\t\t\t\t\t\t\t\t\t<p>...<\/p>\t\t\t\t\t\t\t\t\t<\/div>\n\t\t\t\t\t\t\t\t\t<div class=\"content-social\">\n\t\t\t\t\t\t\t\t\t\t<div class=\"content-share\">\n<div class=\"noo-social social-share\">\n<a href=\"#share\" data-toggle=\"tooltip\" data-placement=\"bottom\" data-trigger=\"hover\" class=\"noo-share\" title=\"Share on Facebook\" onclick=\"window.open('http:\/\/www.facebook.com\/sharer.php?u=https%3A%2F%2Flegendfest.hr%2Fen%2Fopening-of-the-legendexpo-in-sibenik%2F&amp;t=','popupFacebook','width=650,height=270,resizable=0, toolbar=0, menubar=0, status=0, location=0, scrollbars=0'); return false;\">\n<i class=\"fa fa-facebook\"><\/i>\n<\/a>\n<a href=\"#share\" class=\"noo-share\" title=\"Share on Twitter\" onclick=\"window.open('https:\/\/twitter.com\/intent\/tweet?text=&amp;url=https%3A%2F%2Flegendfest.hr%2Fen%2Fopening-of-the-legendexpo-in-sibenik%2F','popupTwitter','width=500,height=370,resizable=0, toolbar=0, menubar=0, status=0, location=0, scrollbars=0'); return false;\">\n<i class=\"fa fa-twitter\"><\/i><\/a>\n<a href=\"#share\" class=\"noo-share\" title=\"Share on Google+\" onclick=\"window.open('https:\/\/plus.google.com\/share?url=https%3A%2F%2Flegendfest.hr%2Fen%2Fopening-of-the-legendexpo-in-sibenik%2F','popupGooglePlus','width=650,height=226,resizable=0, toolbar=0, menubar=0, status=0, location=0, scrollbars=0'); return false;\">\n<i class=\"fa fa-google-plus\"><\/i><\/a>\n<a href=\"#share\" class=\"noo-share\" title=\"Share on Pinterest\" onclick=\"window.open('http:\/\/pinterest.com\/pin\/create\/button\/?url=https%3A%2F%2Flegendfest.hr%2Fen%2Fopening-of-the-legendexpo-in-sibenik%2F&amp;media=https:\/\/legendfest.hr\/wp-content\/uploads\/2016\/11\/LegendExpo-2017-150x150.jpg&amp;description=','popupPinterest','width=750,height=265,resizable=0, toolbar=0, menubar=0, status=0, location=0, scrollbars=0'); return false;\">\n<i class=\"fa fa-pinterest\"><\/i><\/a>\n<\/div>\n<\/div>\t\t\t\t\t\t\t\t\t<\/div>\n\t\t\t\t\t\t\t\t<\/div>\t\n\t\t\t\t\t\t\t\n\t\t\t\t\t\t<\/div>\n\t\t\t\t\t<\/div><!--masonry-item-->\n\t\t\t\t\t\n\t\t\t\t\t\t\t\t\t<div class=\"loadmore-item masonry-item\">\n\t\t\t\t\t\t<div class=\"item-wrap\">\n\t\t\t\t\t\t    <div class=\"content-featured\" >\n\t\t\t\t\t\t\t\t\t\t\t\t\t\t\t\t\t<a class=\"content-thumb\" href=\"https:\/\/legendfest.hr\/en\/legendexpo-u-skradinu-uvod-u-legendfest-np-krka\/\" title=\"Permalink to: &quot;LegendExpo in Skradin &#8211; introduction to LegendFest in NP Krka&quot;\">\n<img width=\"1280\" height=\"800\" src=\"https:\/\/legendfest.hr\/wp-content\/uploads\/2016\/06\/skradin1_1280x800.jpg\" class=\"attachment-fullwidth-fullwidth size-fullwidth-fullwidth wp-post-image\" alt=\"\" decoding=\"async\" loading=\"lazy\" srcset=\"https:\/\/legendfest.hr\/wp-content\/uploads\/2016\/06\/skradin1_1280x800.jpg 1280w, https:\/\/legendfest.hr\/wp-content\/uploads\/2016\/06\/skradin1_1280x800-300x188.jpg 300w, https:\/\/legendfest.hr\/wp-content\/uploads\/2016\/06\/skradin1_1280x800-768x480.jpg 768w, https:\/\/legendfest.hr\/wp-content\/uploads\/2016\/06\/skradin1_1280x800-1024x640.jpg 1024w\" sizes=\"(max-width: 1280px) 100vw, 1280px\" \/>\n<\/a>\t\t\t\t\t\t\t\t\t\t\t\t\t\t\t\t\t\t\t<span class=\"time\">\n\t\t\t\t\t\t\t\t\t\t\t14 June, 2016\t\t\t\t\t\t\t\t\t\t<\/span>\n\t\t\t\t\t\t\t\t\t\t\t\t\t\t\t\t\t\t\t\t\t\t\t    <\/div>\n\n\t\t\t\t\t\t    \t\t\t\t\t\t\t\t<div class=\"item-content\">\n\t\t\t\t\t\t\t\t\t\t\t\t\t\t\t\t\t\t<h3 class=\"item-title\">\n\t\t\t\t\t\t\t\t\t\t<a href=\"https:\/\/legendfest.hr\/en\/legendexpo-u-skradinu-uvod-u-legendfest-np-krka\/\" title=\"Permanent link to: &quot;LegendExpo in Skradin &#8211; introduction to LegendFest in NP Krka&quot;\">LegendExpo in Skradin &#8211; introduction to LegendFest in NP Krka<\/a>\n\t\t\t\t\t\t\t\t\t<\/h3>\n\t\t\t\t\t\t\t\t\t\t\t\t\t\t\t\t\t\t<div class=\"item-excerpt\">\n\t\t\t\t\t\t\t\t\t\t<p>...<\/p>\t\t\t\t\t\t\t\t\t<\/div>\n\t\t\t\t\t\t\t\t\t<div class=\"content-social\">\n\t\t\t\t\t\t\t\t\t\t<div class=\"content-share\">\n<div class=\"noo-social social-share\">\n<a href=\"#share\" data-toggle=\"tooltip\" data-placement=\"bottom\" data-trigger=\"hover\" class=\"noo-share\" title=\"Share on Facebook\" onclick=\"window.open('http:\/\/www.facebook.com\/sharer.php?u=https%3A%2F%2Flegendfest.hr%2Fen%2Flegendexpo-u-skradinu-uvod-u-legendfest-np-krka%2F&amp;t=','popupFacebook','width=650,height=270,resizable=0, toolbar=0, menubar=0, status=0, location=0, scrollbars=0'); return false;\">\n<i class=\"fa fa-facebook\"><\/i>\n<\/a>\n<a href=\"#share\" class=\"noo-share\" title=\"Share on Twitter\" onclick=\"window.open('https:\/\/twitter.com\/intent\/tweet?text=&amp;url=https%3A%2F%2Flegendfest.hr%2Fen%2Flegendexpo-u-skradinu-uvod-u-legendfest-np-krka%2F','popupTwitter','width=500,height=370,resizable=0, toolbar=0, menubar=0, status=0, location=0, scrollbars=0'); return false;\">\n<i class=\"fa fa-twitter\"><\/i><\/a>\n<a href=\"#share\" class=\"noo-share\" title=\"Share on Google+\" onclick=\"window.open('https:\/\/plus.google.com\/share?url=https%3A%2F%2Flegendfest.hr%2Fen%2Flegendexpo-u-skradinu-uvod-u-legendfest-np-krka%2F','popupGooglePlus','width=650,height=226,resizable=0, toolbar=0, menubar=0, status=0, location=0, scrollbars=0'); return false;\">\n<i class=\"fa fa-google-plus\"><\/i><\/a>\n<a href=\"#share\" class=\"noo-share\" title=\"Share on Pinterest\" onclick=\"window.open('http:\/\/pinterest.com\/pin\/create\/button\/?url=https%3A%2F%2Flegendfest.hr%2Fen%2Flegendexpo-u-skradinu-uvod-u-legendfest-np-krka%2F&amp;media=https:\/\/legendfest.hr\/wp-content\/uploads\/2016\/06\/skradin1_1280x800-150x150.jpg&amp;description=','popupPinterest','width=750,height=265,resizable=0, toolbar=0, menubar=0, status=0, location=0, scrollbars=0'); return false;\">\n<i class=\"fa fa-pinterest\"><\/i><\/a>\n<\/div>\n<\/div>\t\t\t\t\t\t\t\t\t<\/div>\n\t\t\t\t\t\t\t\t<\/div>\t\n\t\t\t\t\t\t\t\n\t\t\t\t\t\t<\/div>\n\t\t\t\t\t<\/div><!--masonry-item-->\n\t\t\t\t\t\n\t\t\t\t\t\t\t\t\t<div class=\"loadmore-item masonry-item\">\n\t\t\t\t\t\t<div class=\"item-wrap\">\n\t\t\t\t\t\t    <div class=\"content-featured\" >\n\t\t\t\t\t\t\t\t\t\t\t\t\t\t\t\t\t<a class=\"content-thumb\" href=\"https:\/\/legendfest.hr\/en\/velika-gorica-legendexpo-i-mjeseceve-sjene\/\" title=\"Permalink to: &quot;LegendExpo and &#8216;Moon shadows&#8217; in Velika Gorica&quot;\">\n<img width=\"1280\" height=\"800\" src=\"https:\/\/legendfest.hr\/wp-content\/uploads\/2016\/05\/Legendexpo-V.Gorica_1280x800.jpg\" class=\"attachment-fullwidth-fullwidth size-fullwidth-fullwidth wp-post-image\" alt=\"\" decoding=\"async\" loading=\"lazy\" srcset=\"https:\/\/legendfest.hr\/wp-content\/uploads\/2016\/05\/Legendexpo-V.Gorica_1280x800.jpg 1280w, https:\/\/legendfest.hr\/wp-content\/uploads\/2016\/05\/Legendexpo-V.Gorica_1280x800-300x188.jpg 300w, https:\/\/legendfest.hr\/wp-content\/uploads\/2016\/05\/Legendexpo-V.Gorica_1280x800-768x480.jpg 768w, https:\/\/legendfest.hr\/wp-content\/uploads\/2016\/05\/Legendexpo-V.Gorica_1280x800-1024x640.jpg 1024w\" sizes=\"(max-width: 1280px) 100vw, 1280px\" \/>\n<\/a>\t\t\t\t\t\t\t\t\t\t\t\t\t\t\t\t\t\t\t<span class=\"time\">\n\t\t\t\t\t\t\t\t\t\t\t29 May, 2016\t\t\t\t\t\t\t\t\t\t<\/span>\n\t\t\t\t\t\t\t\t\t\t\t\t\t\t\t\t\t\t\t\t\t\t\t    <\/div>\n\n\t\t\t\t\t\t    \t\t\t\t\t\t\t\t<div class=\"item-content\">\n\t\t\t\t\t\t\t\t\t\t\t\t\t\t\t\t\t\t<h3 class=\"item-title\">\n\t\t\t\t\t\t\t\t\t\t<a href=\"https:\/\/legendfest.hr\/en\/velika-gorica-legendexpo-i-mjeseceve-sjene\/\" title=\"Permanent link to: &quot;LegendExpo and &#8216;Moon shadows&#8217; in Velika Gorica&quot;\">LegendExpo and &#8216;Moon shadows&#8217; in Velika Gorica<\/a>\n\t\t\t\t\t\t\t\t\t<\/h3>\n\t\t\t\t\t\t\t\t\t\t\t\t\t\t\t\t\t\t<div class=\"item-excerpt\">\n\t\t\t\t\t\t\t\t\t\t<p>...<\/p>\t\t\t\t\t\t\t\t\t<\/div>\n\t\t\t\t\t\t\t\t\t<div class=\"content-social\">\n\t\t\t\t\t\t\t\t\t\t<div class=\"content-share\">\n<div class=\"noo-social social-share\">\n<a href=\"#share\" data-toggle=\"tooltip\" data-placement=\"bottom\" data-trigger=\"hover\" class=\"noo-share\" title=\"Share on Facebook\" onclick=\"window.open('http:\/\/www.facebook.com\/sharer.php?u=https%3A%2F%2Flegendfest.hr%2Fen%2Fvelika-gorica-legendexpo-i-mjeseceve-sjene%2F&amp;t=','popupFacebook','width=650,height=270,resizable=0, toolbar=0, menubar=0, status=0, location=0, scrollbars=0'); return false;\">\n<i class=\"fa fa-facebook\"><\/i>\n<\/a>\n<a href=\"#share\" class=\"noo-share\" title=\"Share on Twitter\" onclick=\"window.open('https:\/\/twitter.com\/intent\/tweet?text=&amp;url=https%3A%2F%2Flegendfest.hr%2Fen%2Fvelika-gorica-legendexpo-i-mjeseceve-sjene%2F','popupTwitter','width=500,height=370,resizable=0, toolbar=0, menubar=0, status=0, location=0, scrollbars=0'); return false;\">\n<i class=\"fa fa-twitter\"><\/i><\/a>\n<a href=\"#share\" class=\"noo-share\" title=\"Share on Google+\" onclick=\"window.open('https:\/\/plus.google.com\/share?url=https%3A%2F%2Flegendfest.hr%2Fen%2Fvelika-gorica-legendexpo-i-mjeseceve-sjene%2F','popupGooglePlus','width=650,height=226,resizable=0, toolbar=0, menubar=0, status=0, location=0, scrollbars=0'); return false;\">\n<i class=\"fa fa-google-plus\"><\/i><\/a>\n<a href=\"#share\" class=\"noo-share\" title=\"Share on Pinterest\" onclick=\"window.open('http:\/\/pinterest.com\/pin\/create\/button\/?url=https%3A%2F%2Flegendfest.hr%2Fen%2Fvelika-gorica-legendexpo-i-mjeseceve-sjene%2F&amp;media=https:\/\/legendfest.hr\/wp-content\/uploads\/2016\/05\/Legendexpo-V.Gorica_1280x800-150x150.jpg&amp;description=','popupPinterest','width=750,height=265,resizable=0, toolbar=0, menubar=0, status=0, location=0, scrollbars=0'); return false;\">\n<i class=\"fa fa-pinterest\"><\/i><\/a>\n<\/div>\n<\/div>\t\t\t\t\t\t\t\t\t<\/div>\n\t\t\t\t\t\t\t\t<\/div>\t\n\t\t\t\t\t\t\t\n\t\t\t\t\t\t<\/div>\n\t\t\t\t\t<\/div><!--masonry-item-->\n\t\t\t\t\t\n\t\t\t\t\t\t\t\t\t<div class=\"loadmore-item masonry-item\">\n\t\t\t\t\t\t<div class=\"item-wrap\">\n\t\t\t\t\t\t    <div class=\"content-featured\" >\n\t\t\t\t\t\t\t\t\t\t\t\t\t\t\t\t\t<a class=\"content-thumb\" href=\"https:\/\/legendfest.hr\/en\/krizevci-legendexpo\/\" title=\"Permalink to: &quot;LegendExpo in Kri\u017eevci&quot;\">\n<img width=\"1280\" height=\"800\" src=\"https:\/\/legendfest.hr\/wp-content\/uploads\/2016\/05\/pantic_1280x800.jpg\" class=\"attachment-fullwidth-fullwidth size-fullwidth-fullwidth wp-post-image\" alt=\"\" decoding=\"async\" loading=\"lazy\" srcset=\"https:\/\/legendfest.hr\/wp-content\/uploads\/2016\/05\/pantic_1280x800.jpg 1280w, https:\/\/legendfest.hr\/wp-content\/uploads\/2016\/05\/pantic_1280x800-300x188.jpg 300w, https:\/\/legendfest.hr\/wp-content\/uploads\/2016\/05\/pantic_1280x800-768x480.jpg 768w, https:\/\/legendfest.hr\/wp-content\/uploads\/2016\/05\/pantic_1280x800-1024x640.jpg 1024w\" sizes=\"(max-width: 1280px) 100vw, 1280px\" \/>\n<\/a>\t\t\t\t\t\t\t\t\t\t\t\t\t\t\t\t\t\t\t<span class=\"time\">\n\t\t\t\t\t\t\t\t\t\t\t02 May, 2016\t\t\t\t\t\t\t\t\t\t<\/span>\n\t\t\t\t\t\t\t\t\t\t\t\t\t\t\t\t\t\t\t\t\t\t\t    <\/div>\n\n\t\t\t\t\t\t    \t\t\t\t\t\t\t\t<div class=\"item-content\">\n\t\t\t\t\t\t\t\t\t\t\t\t\t\t\t\t\t\t<h3 class=\"item-title\">\n\t\t\t\t\t\t\t\t\t\t<a href=\"https:\/\/legendfest.hr\/en\/krizevci-legendexpo\/\" title=\"Permanent link to: &quot;LegendExpo in Kri\u017eevci&quot;\">LegendExpo in Kri\u017eevci<\/a>\n\t\t\t\t\t\t\t\t\t<\/h3>\n\t\t\t\t\t\t\t\t\t\t\t\t\t\t\t\t\t\t<div class=\"item-excerpt\">\n\t\t\t\t\t\t\t\t\t\t<p>...<\/p>\t\t\t\t\t\t\t\t\t<\/div>\n\t\t\t\t\t\t\t\t\t<div class=\"content-social\">\n\t\t\t\t\t\t\t\t\t\t<div class=\"content-share\">\n<div class=\"noo-social social-share\">\n<a href=\"#share\" data-toggle=\"tooltip\" data-placement=\"bottom\" data-trigger=\"hover\" class=\"noo-share\" title=\"Share on Facebook\" onclick=\"window.open('http:\/\/www.facebook.com\/sharer.php?u=https%3A%2F%2Flegendfest.hr%2Fen%2Fkrizevci-legendexpo%2F&amp;t=','popupFacebook','width=650,height=270,resizable=0, toolbar=0, menubar=0, status=0, location=0, scrollbars=0'); return false;\">\n<i class=\"fa fa-facebook\"><\/i>\n<\/a>\n<a href=\"#share\" class=\"noo-share\" title=\"Share on Twitter\" onclick=\"window.open('https:\/\/twitter.com\/intent\/tweet?text=&amp;url=https%3A%2F%2Flegendfest.hr%2Fen%2Fkrizevci-legendexpo%2F','popupTwitter','width=500,height=370,resizable=0, toolbar=0, menubar=0, status=0, location=0, scrollbars=0'); return false;\">\n<i class=\"fa fa-twitter\"><\/i><\/a>\n<a href=\"#share\" class=\"noo-share\" title=\"Share on Google+\" onclick=\"window.open('https:\/\/plus.google.com\/share?url=https%3A%2F%2Flegendfest.hr%2Fen%2Fkrizevci-legendexpo%2F','popupGooglePlus','width=650,height=226,resizable=0, toolbar=0, menubar=0, status=0, location=0, scrollbars=0'); return false;\">\n<i class=\"fa fa-google-plus\"><\/i><\/a>\n<a href=\"#share\" class=\"noo-share\" title=\"Share on Pinterest\" onclick=\"window.open('http:\/\/pinterest.com\/pin\/create\/button\/?url=https%3A%2F%2Flegendfest.hr%2Fen%2Fkrizevci-legendexpo%2F&amp;media=https:\/\/legendfest.hr\/wp-content\/uploads\/2016\/05\/pantic_1280x800-150x150.jpg&amp;description=','popupPinterest','width=750,height=265,resizable=0, toolbar=0, menubar=0, status=0, location=0, scrollbars=0'); return false;\">\n<i class=\"fa fa-pinterest\"><\/i><\/a>\n<\/div>\n<\/div>\t\t\t\t\t\t\t\t\t<\/div>\n\t\t\t\t\t\t\t\t<\/div>\t\n\t\t\t\t\t\t\t\n\t\t\t\t\t\t<\/div>\n\t\t\t\t\t<\/div><!--masonry-item-->\n\t\t\t\t\t\n\t\t\t\t\n\t\t\t<\/div>\n\n\t\t\t\t\t<\/div>\n\t\t[\/vc_tta_section][vc_tta_section title=&#8221;Announcements&#8221; tab_id=&#8221;5-Announcements&#8221;][vc_column_text]<\/p>\n<h3>Upcoming exhibitions<\/h3>\n<p>[\/vc_column_text][vc_empty_space]                <div class=\"noo-shortcode-events\">\n                                        \n                    <div class=\"row sc-event-wrap list\">\n                                            <\/div>\n                                    <\/div>\n            [\/vc_tta_section][\/vc_tta_tabs][vc_empty_space][\/vc_column][\/vc_row]<\/p>\n","protected":false},"excerpt":{"rendered":"<p>[vc_row container_width=&#8221;yes&#8221; full_height=&#8221;yes&#8221;][vc_column][vc_tta_tabs active_section=&#8221;4&#8243; pagination_style=&#8221;outline-round&#8221;][vc_tta_section title=&#8221;About LegendExpo&#8221; tab_id=&#8221;1-LegendExpo&#8221;][vc_column_text] LegendExpo &#8211;\u00a0exhibition of original works on the subject of legends, myths and stories of Croatia In 2014 Association Val kulture (Wave of culture) launched a project named LegendExpo as a logical extension of the existing LegendFest. Its mission is to raise awareness of the importance of Croatian art and cultural heritage as well as promoting local artists. The project\u2019s objectives, which have cultural and educational characteristics, are: Education about the myths, legends<\/p>\n","protected":false},"author":3,"featured_media":0,"parent":4492,"menu_order":0,"comment_status":"closed","ping_status":"closed","template":"","meta":[],"_links":{"self":[{"href":"https:\/\/legendfest.hr\/en\/wp-json\/wp\/v2\/pages\/4495"}],"collection":[{"href":"https:\/\/legendfest.hr\/en\/wp-json\/wp\/v2\/pages"}],"about":[{"href":"https:\/\/legendfest.hr\/en\/wp-json\/wp\/v2\/types\/page"}],"author":[{"embeddable":true,"href":"https:\/\/legendfest.hr\/en\/wp-json\/wp\/v2\/users\/3"}],"replies":[{"embeddable":true,"href":"https:\/\/legendfest.hr\/en\/wp-json\/wp\/v2\/comments?post=4495"}],"version-history":[{"count":10,"href":"https:\/\/legendfest.hr\/en\/wp-json\/wp\/v2\/pages\/4495\/revisions"}],"predecessor-version":[{"id":5928,"href":"https:\/\/legendfest.hr\/en\/wp-json\/wp\/v2\/pages\/4495\/revisions\/5928"}],"up":[{"embeddable":true,"href":"https:\/\/legendfest.hr\/en\/wp-json\/wp\/v2\/pages\/4492"}],"wp:attachment":[{"href":"https:\/\/legendfest.hr\/en\/wp-json\/wp\/v2\/media?parent=4495"}],"curies":[{"name":"wp","href":"https:\/\/api.w.org\/{rel}","templated":true}]}}