{"id":1867,"date":"2016-11-19T06:56:11","date_gmt":"2016-11-19T05:56:11","guid":{"rendered":"http:\/\/new.legendfest.hr\/foto-galerija\/?lang=en"},"modified":"2017-08-11T02:07:44","modified_gmt":"2017-08-11T01:07:44","slug":"photo-gallery","status":"publish","type":"page","link":"https:\/\/legendfest.hr\/en\/photo-gallery\/","title":{"rendered":"Photo gallery"},"content":{"rendered":"<p>[vc_row container_width=&#8221;yes&#8221;][vc_column][vc_tta_tour style=&#8221;flat&#8221; active_section=&#8221;1&#8243; pagination_style=&#8221;outline-round&#8221; pagination_color=&#8221;green&#8221;][vc_tta_section title=&#8221;Festivals&#8221; tab_id=&#8221;1-Festivals&#8221;][vc_gallery type=&#8221;image_grid&#8221; images=&#8221;7374,7373,7392,7375,7372,7386,7346,7383,7384,7363,7391,7371,7367,7404,7407,7405,7406,7408,7409,7389,7376,7390,7378,7350,7351,7348,7349,7347,7377,7354,7357,7356,7355,7379,7425,7424,7382,7381,7380,7403,7385,7388,7387,7396,7364,7362,7361,7359,7360,7358,7395,7394,7393,7402,7401,7400,7399,7398,7397,7370,7369,7368,7410,7353,7411&#8243; img_size=&#8221;84&#215;84&#8243; title=&#8221;LegendFest Pi\u0107an 2017 &#8211; photos by Ivo Vi\u010di\u0107&#8221;][vc_gallery type=&#8221;image_grid&#8221; images=&#8221;7214,7213,7212,7211,7210,7208,7207,7206,7205,7203,7202,7201,7186,7181,7172,7168,7166,7162,7154,7148,7135,7122,7119,7117,7107,7106,7104,7102,7100,7095,7094,7072,7067,7065,7064,7061,7059,7053,7052,7050,7049,7048,7047,7046,7044,7043,7034,7033,7027,7026,7020,7019,7018,7015,7014,7013,7012,7223,7222,7219,7218,7216,7225,7226,7221,7113&#8243; img_size=&#8221;84&#215;84&#8243; title=&#8221;LegendFest NP Krka 2017 &#8211; photos by Valentino Dra\u017ei\u0107 Celi\u0107&#8221;][vc_gallery type=&#8221;image_grid&#8221; images=&#8221;4091,4113,4135,4157,4179,4197,4199,4201,4071,4073,4075,4077,4079,4081,4085,4087,4089,4093,4095,4097,4099,4101,4103,4109,4111,4115,4117,4119,4121,4123,4125,4127,4129,4131,4133,4137,4139,4141,4143,4145,4147,4149,4151,4153,4155,4159,4161,4163,4165,4167,4169,4171,4173,4175,4177,4181,4183,4185,4187,4189,4191,4193,4195,6547,6549,6548&#8243; img_size=&#8221;84&#215;84&#8243; title=&#8221;LegendFest Pi\u0107an 2016 &#8211; photos by Iva Luli\u0107&#8221;][vc_gallery type=&#8221;image_grid&#8221; images=&#8221;3444,3458,3472,3478,3504,3514,3526,3532,3558,3560,3564,3568,3570,3572,3586,3530&#8243; img_size=&#8221;84&#215;84&#8243; title=&#8221;LegendFest NP Krka &#8211; Water Fairies 2016 &#8211; photos by Iva Luli\u0107&#8221;][vc_gallery type=&#8221;image_grid&#8221; images=&#8221;3488,3510,3552,3574,3588,3590,3446,3448,3450,3452,3454,3456,3460,3462,3468,3470,3474,3476,3480,3482,3484,3486,3490,3492,3494,3496,3498,3500,3502,3506,3508,3512,3516,3518,3520,3522,3524,3528,3534,3536,3538,3540,3542,3544,3546,3548,3550,3554,3584,3562,3566,3578,3464,3466,3576&#8243; img_size=&#8221;84&#215;84&#8243; title=&#8221;LegendFest NP Krka 2016 &#8211; photos by Iva Luli\u0107&#8221;][vc_gallery type=&#8221;image_grid&#8221; images=&#8221;3333,3355,3377,3399,3421,3435,3437,3439,3441,3335,3337,3339,3341,3343,3345,3347,3349,3351,3353,3357,3359,3361,3363,3365,3367,3369,3371,3373,3375,3379,3381,3383,3385,3387,3389,3391,3393,3395,3397,3401,3403,3405,3407,3409,3411,3413,3415,3417,3419,3423,3425,3427,3429,3431,3433&#8243; img_size=&#8221;84&#215;84&#8243; title=&#8221;LegendFest Lukavec 2016 &#8211; photos by Iva Luli\u0107&#8221;][vc_gallery type=&#8221;image_grid&#8221; images=&#8221;3160,3182,3238,3240,3242,3244,3246,3248,3162,3164,3166,3168,3170,3172,3174,3176,3178,3180,3184,3186,3188,3190,3192,3194,3202,3204,3206,3208,3210,3212,3214,3216,3196,3198,3200,3218,3222,3224,3226,3228,3230,3232,3234,3236,3220&#8243; img_size=&#8221;84&#215;84&#8243; title=&#8221;LegendFest Pi\u0107an 2015 &#8211; photos by Iva Luli\u0107&#8221;][vc_gallery type=&#8221;image_grid&#8221; images=&#8221;3055,3074,3084,3086,3088,3090,3092,3094,3096,3057,3059,3061,3063,3066,3068,3070,3076,3078,3080,3082,3107,3129,3145,3147,3149,3151,3153,3155,3157,3109,3111,3113,3115,3117,3119,3121,3123,3125,3127,3131,3133,3135,3137,3139,3141,3104,3098,3102&#8243; img_size=&#8221;84&#215;84&#8243; title=&#8221;LegendFest Lukavec 2015 &#8211; photos by Iva Luli\u0107&#8221;][vc_gallery type=&#8221;image_grid&#8221; images=&#8221;2984,3006,3028,3042,3044,3046,3048,3050,3052,2986,2988,2990,2992,2994,2996,2998,3000,3002,3004,3008,3010,3012,3014,3016,3018,3020,3022,3024,3026,3030,3032,3034,3036,3038,3040&#8243; img_size=&#8221;84&#215;84&#8243; title=&#8221;LegendFest Pi\u0107an 2014 &#8211; photos by Iva Luli\u0107&#8221;][vc_gallery type=&#8221;image_grid&#8221; images=&#8221;2937,2959,2969,2971,2973,2975,2977,2979,2981,2939,2941,2943,2945,2947,2949,2951,2953,2955,2957,2961,2963,2965,2967&#8243; img_size=&#8221;84&#215;84&#8243; title=&#8221;LegendFest Lukavec 2014 &#8211; photos by Iva Luli\u0107&#8221;][vc_gallery type=&#8221;image_grid&#8221; images=&#8221;2908,2920,2922,2924,2926,2928,2930,2932,2934,2910,2912,2914,2916,2918&#8243; img_size=&#8221;84&#215;84&#8243; title=&#8221;LegendFest Pi\u0107an 2013&#8243;][vc_gallery type=&#8221;image_grid&#8221; images=&#8221;2879,2881,2891,2893,2895,2897,2899,2901,2903,2905,2883,2885,2887,2889&#8243; img_size=&#8221;84&#215;84&#8243; title=&#8221;LegendFest Pi\u0107an 2012&#8243;][vc_gallery type=&#8221;image_grid&#8221; images=&#8221;2860,2862,2864,2866,2868,2870,2872,2874,2876&#8243; img_size=&#8221;84&#215;84&#8243; title=&#8221;LegendFest Pi\u0107an 2011&#8243;][vc_gallery type=&#8221;image_grid&#8221; images=&#8221;2831,2841,2843,2845,2847,2849,2851,2853,2855,2857,2833,2835,2837,2839&#8243; img_size=&#8221;84&#215;84&#8243; title=&#8221;LegendFest Pi\u0107an 2010&#8243;][vc_gallery type=&#8221;image_grid&#8221; images=&#8221;2801,2803,2805,2807,2809,2811,2813,2815,2817,2819,2821,2823,2825,2827&#8243; img_size=&#8221;84&#215;84&#8243; title=&#8221;LegendFest Pi\u0107an 2009&#8243;][vc_gallery type=&#8221;image_grid&#8221; images=&#8221;2772,2774,2776,2778,2780,2782,2784,2786,2788,2790,2792,2794,2796,2798&#8243; img_size=&#8221;84&#215;84&#8243; title=&#8221;LegendFest Pi\u0107an 2008&#8243;][vc_gallery type=&#8221;image_grid&#8221; images=&#8221;2743,2745,2747,2749,2751,2753,2755,2757,2759,2761,2763,2765,2767,2769&#8243; img_size=&#8221;84&#215;84&#8243; title=&#8221;LegendFest Pi\u0107an 2007&#8243;][vc_gallery type=&#8221;image_grid&#8221; images=&#8221;2708,2710,2712,2714,2718,2716,2720,2722,2724,2726,2728,2730,2741,2734&#8243; img_size=&#8221;84&#215;84&#8243; title=&#8221;LegendFest Pi\u0107an 2006&#8243;][\/vc_tta_section][vc_tta_section title=&#8221;LegendExpo&#8221; tab_id=&#8221;2-LegendExpo&#8221;][vc_gallery type=&#8221;image_grid&#8221; images=&#8221;6671,6672,6673,6674,6675,6676,6677,6678,6682&#8243; img_size=&#8221;84&#215;84&#8243; title=&#8221;\u0160ibenik 2017&#8243;][vc_gallery type=&#8221;image_grid&#8221; images=&#8221;2652,2650,2648,2646,2642,2640,2638,2636,2634,2632,2630,2628,2626,2624,2622,2620,2618,2616,2614,2612,2610,2608&#8243; img_size=&#8221;84&#215;84&#8243; title=&#8221;Vampires \u2013 Pi\u0107an 2016&#8243;][vc_gallery type=&#8221;image_grid&#8221; images=&#8221;5000,5002,5004,5006,2580,5010,5012,5014,2582,5018,2584,5022,5024,5026,5028,5030,5032,5034,5036&#8243; img_size=&#8221;84&#215;84&#8243; title=&#8221;Skradin 2016&#8243;][vc_gallery type=&#8221;image_grid&#8221; images=&#8221;2606,2578,2588,2586,2592,2590,2594,2596,2598,2600,2602,2604&#8243; img_size=&#8221;84&#215;84&#8243; title=&#8221;Exhibitions 2015&#8243;][\/vc_tta_section][vc_tta_section title=&#8221;LegendArt&#8221; tab_id=&#8221;3-LegendArt&#8221;][vc_gallery type=&#8221;image_grid&#8221; images=&#8221;2689,2691,2693,2661,2663,2665,2667,2669,2671,2673,2675,2677,2679,2681,2683,2685,2687&#8243; img_size=&#8221;84&#215;84&#8243; title=&#8221;LegendArt Lukavec 2016&#8243;][\/vc_tta_section][\/vc_tta_tour][\/vc_column][\/vc_row]<\/p>\n","protected":false},"excerpt":{"rendered":"<p>[vc_row container_width=&#8221;yes&#8221;][vc_column][vc_tta_tour style=&#8221;flat&#8221; active_section=&#8221;1&#8243; pagination_style=&#8221;outline-round&#8221; pagination_color=&#8221;green&#8221;][vc_tta_section title=&#8221;Festivals&#8221; tab_id=&#8221;1-Festivals&#8221;][vc_gallery type=&#8221;image_grid&#8221; images=&#8221;7374,7373,7392,7375,7372,7386,7346,7383,7384,7363,7391,7371,7367,7404,7407,7405,7406,7408,7409,7389,7376,7390,7378,7350,7351,7348,7349,7347,7377,7354,7357,7356,7355,7379,7425,7424,7382,7381,7380,7403,7385,7388,7387,7396,7364,7362,7361,7359,7360,7358,7395,7394,7393,7402,7401,7400,7399,7398,7397,7370,7369,7368,7410,7353,7411&#8243; img_size=&#8221;84&#215;84&#8243; title=&#8221;LegendFest Pi\u0107an 2017 &#8211; photos by Ivo Vi\u010di\u0107&#8221;][vc_gallery type=&#8221;image_grid&#8221; images=&#8221;7214,7213,7212,7211,7210,7208,7207,7206,7205,7203,7202,7201,7186,7181,7172,7168,7166,7162,7154,7148,7135,7122,7119,7117,7107,7106,7104,7102,7100,7095,7094,7072,7067,7065,7064,7061,7059,7053,7052,7050,7049,7048,7047,7046,7044,7043,7034,7033,7027,7026,7020,7019,7018,7015,7014,7013,7012,7223,7222,7219,7218,7216,7225,7226,7221,7113&#8243; img_size=&#8221;84&#215;84&#8243; title=&#8221;LegendFest NP Krka 2017 &#8211; photos by Valentino Dra\u017ei\u0107 Celi\u0107&#8221;][vc_gallery type=&#8221;image_grid&#8221; images=&#8221;4091,4113,4135,4157,4179,4197,4199,4201,4071,4073,4075,4077,4079,4081,4085,4087,4089,4093,4095,4097,4099,4101,4103,4109,4111,4115,4117,4119,4121,4123,4125,4127,4129,4131,4133,4137,4139,4141,4143,4145,4147,4149,4151,4153,4155,4159,4161,4163,4165,4167,4169,4171,4173,4175,4177,4181,4183,4185,4187,4189,4191,4193,4195,6547,6549,6548&#8243; img_size=&#8221;84&#215;84&#8243; title=&#8221;LegendFest Pi\u0107an 2016 &#8211; photos by Iva Luli\u0107&#8221;][vc_gallery type=&#8221;image_grid&#8221; images=&#8221;3444,3458,3472,3478,3504,3514,3526,3532,3558,3560,3564,3568,3570,3572,3586,3530&#8243; img_size=&#8221;84&#215;84&#8243; title=&#8221;LegendFest NP Krka &#8211; Water Fairies 2016 &#8211; photos by Iva Luli\u0107&#8221;][vc_gallery type=&#8221;image_grid&#8221; images=&#8221;3488,3510,3552,3574,3588,3590,3446,3448,3450,3452,3454,3456,3460,3462,3468,3470,3474,3476,3480,3482,3484,3486,3490,3492,3494,3496,3498,3500,3502,3506,3508,3512,3516,3518,3520,3522,3524,3528,3534,3536,3538,3540,3542,3544,3546,3548,3550,3554,3584,3562,3566,3578,3464,3466,3576&#8243; img_size=&#8221;84&#215;84&#8243; title=&#8221;LegendFest NP Krka 2016 &#8211; photos by Iva Luli\u0107&#8221;][vc_gallery type=&#8221;image_grid&#8221; images=&#8221;3333,3355,3377,3399,3421,3435,3437,3439,3441,3335,3337,3339,3341,3343,3345,3347,3349,3351,3353,3357,3359,3361,3363,3365,3367,3369,3371,3373,3375,3379,3381,3383,3385,3387,3389,3391,3393,3395,3397,3401,3403,3405,3407,3409,3411,3413,3415,3417,3419,3423,3425,3427,3429,3431,3433&#8243; img_size=&#8221;84&#215;84&#8243; title=&#8221;LegendFest Lukavec 2016 &#8211; photos by Iva<\/p>\n","protected":false},"author":3,"featured_media":0,"parent":0,"menu_order":0,"comment_status":"closed","ping_status":"closed","template":"","meta":[],"_links":{"self":[{"href":"https:\/\/legendfest.hr\/en\/wp-json\/wp\/v2\/pages\/1867"}],"collection":[{"href":"https:\/\/legendfest.hr\/en\/wp-json\/wp\/v2\/pages"}],"about":[{"href":"https:\/\/legendfest.hr\/en\/wp-json\/wp\/v2\/types\/page"}],"author":[{"embeddable":true,"href":"https:\/\/legendfest.hr\/en\/wp-json\/wp\/v2\/users\/3"}],"replies":[{"embeddable":true,"href":"https:\/\/legendfest.hr\/en\/wp-json\/wp\/v2\/comments?post=1867"}],"version-history":[{"count":19,"href":"https:\/\/legendfest.hr\/en\/wp-json\/wp\/v2\/pages\/1867\/revisions"}],"predecessor-version":[{"id":7447,"href":"https:\/\/legendfest.hr\/en\/wp-json\/wp\/v2\/pages\/1867\/revisions\/7447"}],"wp:attachment":[{"href":"https:\/\/legendfest.hr\/en\/wp-json\/wp\/v2\/media?parent=1867"}],"curies":[{"name":"wp","href":"https:\/\/api.w.org\/{rel}","templated":true}]}}