{"id":5945,"date":"2016-11-21T13:18:23","date_gmt":"2016-11-21T12:18:23","guid":{"rendered":"http:\/\/legendfest.hr\/?page_id=5945\/"},"modified":"2016-12-22T06:51:24","modified_gmt":"2016-12-22T05:51:24","slug":"media","status":"publish","type":"page","link":"http:\/\/legendfest.hr\/en\/media\/","title":{"rendered":"Media Publications"},"content":{"rendered":"<p>[vc_row container_width=&#8221;yes&#8221;][vc_column width=&#8221;1\/4&#8243;][\/vc_column][vc_column width=&#8221;3\/4&#8243;][vc_column_text]<\/p>\n<h1>Media Publications<\/h1>\n<h3>Online publications\u00a02013.:<\/h3>\n<p><a href=\"http:\/\/www.glasistre.hr\/vijesti\/mozaik\/nagrada-picanskom-legendfestu--433078\" target=\"_blank\">Glas Istre &#8211; Nagrada pi\u0107anskom &#8220;Legendfestu&#8221;<\/a><br \/>\n<a href=\"http:\/\/www.mint.hr\/default.aspx?id=11680\" target=\"_blank\">Mint.hr &#8211; Turisti\u010dke nagrade &#8220;Simply the best&#8221;<\/a><br \/>\n<a href=\"http:\/\/www.hrt.hr\/index.php?id=zabava-clanak&amp;tx_ttnews[tt_news]=228775&amp;tx_ttnews[backPid]=872&amp;cHash=b4de58c5bf\" target=\"_blank\">HRT &#8211; Oni su &#8216;Simply the best&#8217;<\/a><br \/>\n<a href=\"http:\/\/www.zarez.hr\/clanci\/legendfest-i-teror-zmaja-u-istri\" target=\"_blank\">Zarez.hr &#8211; Legendfest i teror zmaja u Istri<\/a><br \/>\n<a href=\"http:\/\/www.glasistre.hr\/vijesti\/mozaik\/osmi-legendfest-u-znaku-zmajeva-418050\" target=\"_blank\">Glas Istre &#8211; Osmi Legendfest u znaku zmajeva<\/a><br \/>\n<a href=\"http:\/\/www.glasistre.hr\/vijesti\/mozaik\/legendfest-tri-dana-zmajeva-picanskih-415418\" target=\"_blank\">Glas Istre &#8211; Legendfest: Tri dana zmajeva pi\u0107anskih<\/a><br \/>\n<a href=\"http:\/\/www.glasistre.hr\/vijesti\/mozaik\/pican-poceo-osmi-legendfest-417745\" target=\"_blank\">Glas Istre &#8211; Pi\u0107an: Po\u010deo osmi Legendfest<\/a><br \/>\n<a href=\"http:\/\/www.glasistre.hr\/vijesti\/kultura\/u-picnu-se-i-danas-vjeruje-u-strige-416275\" target=\"_blank\">Glas Istre &#8211; U Pi\u0107nu se i danas vjeruje u \u0160trige<\/a><br \/>\n<a href=\"http:\/\/www.glasistre.hr\/vijesti\/kultura\/istarski-vampir-jure-grando-u-kazalisnoj-predstavi--416301\" target=\"_blank\">Glas Istre &#8211; Istarski vampir Jure Grando u kazali\u0161noj predstavi<\/a><br \/>\n<a href=\"http:\/\/www.vecernji.hr\/kultura\/8-legendfest-teror-zmaja-istri-clanak-584733\" target=\"_blank\">Vecernji.hr &#8211; 8. Legendfest: teror zmaja u Istri<\/a><br \/>\n<a href=\"http:\/\/www.mojarijeka.hr\/zabava\/legendfest-2013\/\" target=\"_blank\">mojarijeka.hr &#8211; Legendfest 2013.<\/a><br \/>\n<a href=\"http:\/\/www.idemvan.hr\/dogadaj\/legendfest-2013\/12062\/\" target=\"_blank\">idemvan.hr &#8211; Legendfest 2013.<\/a><br \/>\n<a href=\"http:\/\/www.najboljeuhrvatskoj.info\/ideje\/legendfest-festival-legendi-mitova-i-prica-istre-2729.07.2012-1170.html\" target=\"_blank\">najboljeuhrvatskoj.info &#8211; Legendfest 2013., 26.-31.07.2013.<\/a><br \/>\n<a href=\"http:\/\/www.istra.hr\/hr\/atrakcije-i-aktivnosti\/kalendar-dogadanja\/11010-ch-0?&amp;l_over=1\" target=\"_blank\">Istra.hr &#8211; Legendfest<\/a><br \/>\n<a href=\"http:\/\/www.rijeka-klik.hr\/kamo-danas\/scena\/item\/6163-8-legendfest-festival-legendi-mitova-i-narodnih-prica-istre-2013\" target=\"_blank\">rijeka-klik.hr &#8211; 8. Legendfest<\/a><br \/>\n<a href=\"http:\/\/www.labin.com\/web\/vijest.asp?id=21697\" target=\"_blank\">labin.com &#8211; Danas po\u010dinje Legendfest&#8230;<\/a><br \/>\n<a href=\"http:\/\/www.aida-tours.hr\/clanak\/63\/legendfest\" target=\"_blank\">aida-tours.hr &#8211; Legendfest<\/a><br \/>\n<a href=\"http:\/\/www.kulturpunkt.hr\/content\/legendfest\" target=\"_blank\">kulturpunkt.hr &#8211; Legendfest<\/a><br \/>\n<a href=\"http:\/\/zgexpress.net\/istarski-vampir-grando-otvorit-ce-legendfest-festival-legendi-mitova-i-prica-u-picanu\/\" target=\"_blank\">zgexpress.net &#8211; Istarski vampir Grando otvorit \u0107e Legendfest<\/a><\/p>\n<h3>Film LegendFest 2013.<\/h3>\n<p><a href=\"http:\/\/www.youtube.com\/watch?v=yt7iyHQ2nVk\" target=\"_blank\">Film &#8220;Legendfest 2013., Pi\u0107an&#8221;, snimio i uredio Mladen Paulini\u0107<\/a><\/p>\n<h3>Online publications\u00a02012.:<\/h3>\n<p><a href=\"http:\/\/www.barkun.hr\/2012\/07\/30\/fotovideo-legendfest-odusevio-tisuce-posjetitelja\/\">http:\/\/www.barkun.hr\/2012\/07\/30\/fotovideo-legendfest-odusevio-tisuce-posjetitelja\/<\/a><br \/>\n<a href=\"http:\/\/www.barkun.hr\/2012\/07\/29\/legendfest-2012-u-picnu\/\">http:\/\/www.barkun.hr\/2012\/07\/29\/legendfest-2012-u-picnu\/<\/a><br \/>\n<a href=\"http:\/\/www.glasistre.hr\/multimedija\/kultura\/pican-strige-i-striguni-na-legendfestu-356200\">http:\/\/www.glasistre.hr\/multimedija\/kultura\/pican-strige-i-striguni-na-legendfestu-356200<\/a><br \/>\n<a href=\"http:\/\/www.youtube.com\/watch?v=W-y1UJbPpy4\">http:\/\/www.youtube.com\/watch?v=W-y1UJbPpy4<\/a><br \/>\n<a href=\"http:\/\/www.youtube.com\/watch?v=SBmfRF41F1o&amp;feature=related\">http:\/\/www.youtube.com\/watch?v=SBmfRF41F1o&amp;feature=related<\/a><br \/>\n<a href=\"http:\/\/www.youtube.com\/watch?v=7SzxX3OCCGQ&amp;feature=related\">http:\/\/www.youtube.com\/watch?v=7SzxX3OCCGQ&amp;feature=related<\/a><br \/>\n<a href=\"http:\/\/www.glasistre.hr\/vijesti\/kultura\/u-picnu-poceo-legendfest-356095\">http:\/\/www.glasistre.hr\/vijesti\/kultura\/u-picnu-poceo-legendfest-356095<\/a><br \/>\n<a href=\"http:\/\/www.glasistre.hr\/vijesti\/kultura\/veceras-u-picnu-pocinje-legendfest-356022\">http:\/\/www.glasistre.hr\/vijesti\/kultura\/veceras-u-picnu-pocinje-legendfest-356022<\/a><br \/>\n<a href=\"http:\/\/www.labin.com\/web\/vijest.asp?id=17935&amp;idkat=9\">http:\/\/www.labin.com\/web\/vijest.asp?id=17935&amp;idkat=9<\/a><br \/>\n<a href=\"http:\/\/www.najboljeuhrvatskoj.info\/ideje\/legendfest-festival-legendi-mitova-i-prica-istre-2729.07.2012-1170.html%3E\">http:\/\/www.najboljeuhrvatskoj.info\/ideje\/legendfest-festival-legendi-mitova-i-prica-istre-2729.07.2012-1170.html&gt;<\/a><br \/>\n<a href=\"http:\/\/www.istarski.hr\/node\/4215\">http:\/\/www.istarski.hr\/node\/4215<\/a><br \/>\n<a href=\"http:\/\/www.vecernji.hr\/kultura\/7-legendfest-festival-legendi-mitova-prica-istre-clanak-431341\">http:\/\/www.vecernji.hr\/kultura\/7-legendfest-festival-legendi-mitova-prica-istre-clanak-431341<\/a><br \/>\n<a href=\"http:\/\/www.glas-slavonije.hr\/172386\/5\/7-Legendfest-u-znaku-striga%3E\">http:\/\/www.glas-slavonije.hr\/172386\/5\/7-Legendfest-u-znaku-striga&gt;<\/a><br \/>\n<a href=\"http:\/\/www.labin.com\/web\/vijest.asp?id=17907\">http:\/\/www.labin.com\/web\/vijest.asp?id=17907<\/a><br \/>\n<a href=\"http:\/\/regionalexpress.hr\/site\/more\/uz-shtrige-i-shtrigune-zavrshio-7.-legendfest-u-pinu\/\">http:\/\/regionalexpress.hr\/site\/more\/uz-shtrige-i-shtrigune-zavrshio-7.-legendfest-u-pinu\/<\/a><br \/>\n<a href=\"http:\/\/www.glasistre.hr\/vijesti\/pula_istra\/plakete-opcine-pican-zasluznim-gradjanima-357918\">http:\/\/www.glasistre.hr\/vijesti\/pula_istra\/plakete-opcine-pican-zasluznim-gradjanima-357918<\/a><br \/>\n<a href=\"http:\/\/www.labin.com\/web\/vijest.asp?id=18038\">http:\/\/www.labin.com\/web\/vijest.asp?id=18038<\/a><br \/>\n<a href=\"http:\/\/5portal.hr\/v\/1127-dobitnici-priznanja-opcine-pican\">http:\/\/5portal.hr\/v\/1127-dobitnici-priznanja-opcine-pican<\/a><\/p>\n<h3>Online publications\u00a02011.:<\/h3>\n<p><a href=\"http:\/\/www.jutarnji.hr\/template\/article\/article-print.jsp?id=961866\">http:\/\/www.jutarnji.hr\/template\/article\/article-print.jsp?id=961866<\/a><br \/>\n<a href=\"http:\/\/www.glas-slavonije.hr\/vijest.asp?rub=5&amp;ID_VIJESTI=144534\">http:\/\/www.glas-slavonije.hr\/vijest.asp?rub=5&amp;ID_VIJESTI=144534<\/a><br \/>\n<a href=\"http:\/\/blog.valamar.com\/rabac\/6-legendfest-u-picnu\/\">http:\/\/blog.valamar.com\/rabac\/6-legendfest-u-picnu\/<\/a><br \/>\n<a href=\"http:\/\/www.dugirat.com\/kultura\/tradicija\/13827-legendfest-demarginalizacija-mitolokog.html\">http:\/\/www.dugirat.com\/kultura\/tradicija\/13827-legendfest-demarginalizacija-mitolokog.html<\/a><br \/>\n<a href=\"http:\/\/drumtidam.info\/201107064620\/Legendfest-29-31.7.2011.-4620.html\">http:\/\/drumtidam.info\/201107064620\/Legendfest-29-31.7.2011.-4620.html<\/a><br \/>\n<a href=\"http:\/\/www.zamirzine.net\/spip.php?article10922\">http:\/\/www.zamirzine.net\/spip.php?article10922<\/a><br \/>\n<a href=\"http:\/\/www.skole.hr\/veliki-odmor\/zanimljivosti?news_id=6018\">http:\/\/www.skole.hr\/veliki-odmor\/zanimljivosti?news_id=6018<\/a><br \/>\n<a href=\"http:\/\/www.r-1.hr\/6_legendfest_2011\/40116_3\">http:\/\/www.r-1.hr\/6_legendfest_2011\/40116_3<\/a><br \/>\n<a href=\"http:\/\/www.turizaminfo.hr\/2011\/07\/legendfest-u-picanu\">http:\/\/www.turizaminfo.hr\/2011\/07\/legendfest-u-picanu<\/a><br \/>\n<a href=\"http:\/\/www.barkun.hr\/2011\/08\/01\/foto-legendfest-2011-nadmasio-proslogodisnja-izdanja%3E\">http:\/\/www.barkun.hr\/2011\/08\/01\/foto-legendfest-2011-nadmasio-proslogodisnja-izdanja&gt;<\/a><br \/>\n<a href=\"http:\/\/www.barkun.hr\/2011\/07\/30\/pican-otvoren-legendfest\/\">http:\/\/www.barkun.hr\/2011\/07\/30\/pican-otvoren-legendfest\/<\/a><br \/>\n<a href=\"http:\/\/kulturistra.hr\/lang\/hr\/2011\/07\/6-legendfest-u-picnu\/\">http:\/\/kulturistra.hr\/lang\/hr\/2011\/07\/6-legendfest-u-picnu\/<\/a><\/p>\n<h3>Publications in print media\u00a02011.:<\/h3>\n<p><a href=\"http:\/\/legendfest.hr\/wp-content\/uploads\/2016\/12\/24sata_djecji-zabavnik_20.8.jpg\">24sata_djecji-zabavnik_20.8.jpg.pdf<\/a><br \/>\n<a href=\"http:\/\/legendfest.hr\/wp-content\/uploads\/2016\/12\/casopis_winks_7.11.jpg\">casopis_winks_7.11.jpg<\/a><br \/>\n<a href=\"http:\/\/legendfest.hr\/wp-content\/uploads\/2016\/12\/Glas_Istre_1.8.jpg\">Glas_Istre_1.8.jpg<\/a><br \/>\n<a href=\"http:\/\/legendfest.hr\/wp-content\/uploads\/2016\/12\/Glas_Istre_4.8.jpg\">Glas_Istre_4.8.jpg<\/a><br \/>\n<a href=\"http:\/\/legendfest.hr\/wp-content\/uploads\/2016\/12\/Glas_Istre_29.7.jpg\">Glas_Istre_29.7.jpg<\/a><br \/>\n<a href=\"http:\/\/legendfest.hr\/wp-content\/uploads\/2016\/12\/Glas_Istre_30.7.jpg\">Glas_Istre_30.7.jpg<\/a><br \/>\n<a href=\"http:\/\/legendfest.hr\/wp-content\/uploads\/2016\/12\/Glas_Istre_31.7.jpg\">Glas_Istre_31.7.jpg<\/a><br \/>\n<a href=\"http:\/\/legendfest.hr\/wp-content\/uploads\/2016\/12\/Glas_Istre_IstraPlus_29.7.jpg\">Glas_Istre_IstraPlus_29.7.jpg<\/a><br \/>\n<a href=\"http:\/\/legendfest.hr\/wp-content\/uploads\/2016\/12\/Jutarnji_list_28.7.jpg\">Jutarnji_list_28.7.jpg<\/a><\/p>\n<h3>Publications in print media 2010.:<\/h3>\n<p><a href=\"http:\/\/legendfest.hr\/wp-content\/uploads\/2016\/12\/Glas-Istre-2-8-2010_1.pdf\">Glas Istre 2 8 2010_1.pdf<\/a><br \/>\n<a href=\"http:\/\/legendfest.hr\/wp-content\/uploads\/2016\/12\/Glas-Istre-2-8-2010_2.pdf\">Glas Istre 2 8 2010_2.pdf<\/a><br \/>\n<a href=\"http:\/\/legendfest.hr\/wp-content\/uploads\/2016\/12\/Glas-Istre-31-7-2010.pdf\">Glas Istre 31 7 2010.pdf<\/a><br \/>\n<a href=\"http:\/\/legendfest.hr\/wp-content\/uploads\/2016\/12\/Glas-Istre-plus.pdf\">Glas Istre plus.pdf<\/a><br \/>\n<a href=\"http:\/\/legendfest.hr\/wp-content\/uploads\/2016\/12\/Novi-list-3-8-2010.pdf\">Novi list 3 8 2010.pdf<\/a><\/p>\n<h3>Online publications 2010.:<\/h3>\n<p><a href=\"http:\/\/www.barkun.hr\/fotogal\/105Legendfest\/photogallery.html\">http:\/\/www.barkun.hr\/fotogal\/105Legendfest\/photogallery.html<\/a><br \/>\n<a href=\"http:\/\/www.labin.com\/web\/vijest.asp?id=11412\">http:\/\/www.labin.com\/web\/vijest.asp?id=11412<\/a><br \/>\n<a href=\"http:\/\/www.glasistre.hr\/kultura\/vijest\/243462\">http:\/\/www.glasistre.hr\/kultura\/vijest\/243462<\/a><br \/>\n<a href=\"http:\/\/www.glas-slavonije.hr\/vijest.asp?rub=5&amp;ID_VIJESTI=128270\">http:\/\/www.glas-slavonije.hr\/vijest.asp?rub=5&amp;ID_VIJESTI=128270<\/a><br \/>\n<a href=\"http:\/\/www.vjesnik.hr\/html\/2010\/07\/29\/ClanakTx.asp?r=kul&amp;c=2\">http:\/\/www.vjesnik.hr\/html\/2010\/07\/29\/ClanakTx.asp?r=kul&amp;c=2<\/a><br \/>\n<a href=\"http:\/\/ns1.vjesnik.com\/pdf\/2010%5C07%5C30%5C16A16.PDF\">http:\/\/ns1.vjesnik.com\/pdf\/2010%5C07%5C30%5C16A16.PDF<\/a><br \/>\n<a href=\"http:\/\/www.barkun.hr\/index.php\/2010073139595\/ISTRA\/U-Picnu-otvoren-5.-LegendFest.html\">http:\/\/www.barkun.hr\/index.php\/2010073139595\/ISTRA\/U-Picnu-otvoren-5.-LegendFest.html<\/a><\/p>\n<h3>Publications in print media 2009.:<\/h3>\n<p><a href=\"http:\/\/legendfest.hr\/wp-content\/uploads\/2016\/12\/24sata1_28.7.09_.jpg\">24sata1_28.7.09_.jpg<\/a><br \/>\n<a href=\"http:\/\/legendfest.hr\/wp-content\/uploads\/2016\/12\/24sata2_28.7.09_.jpg\">24sata2_28.7.09_.jpg<\/a><br \/>\n<a href=\"http:\/\/legendfest.hr\/wp-content\/uploads\/2016\/12\/glasistre_2.8.09_.jpg\">glasistre_2.8.09_.jpg<\/a><br \/>\n<a href=\"http:\/\/legendfest.hr\/wp-content\/uploads\/2016\/12\/glasistre_31.7.09_.jpg\">glasistre_31.7.09_.jpg<\/a><br \/>\n<a href=\"http:\/\/legendfest.hr\/wp-content\/uploads\/2016\/12\/novifoji2_.jpg\">novifoji2_.jpg<\/a><br \/>\n<a href=\"http:\/\/legendfest.hr\/wp-content\/uploads\/2016\/12\/vecernji_8.8.09._prognoza_.jpg\">vecernji_8.8.09._prognoza_.jpg<\/a><br \/>\n<a href=\"http:\/\/legendfest.hr\/wp-content\/uploads\/2016\/12\/vjesnik_31.7.09_.jpg\">vjesnik_31.7.09_.jpg<\/a><\/p>\n<h3>Online publications 2009.:<\/h3>\n<p><a href=\"http:\/\/kulturniturizam.croatia.hr\/Newsletter\/DocumentView.aspxidLanguage=1&amp;idCategory=2358&amp;idDocument=4864\">http:\/\/kulturniturizam.croatia.hr\/Newsletter\/DocumentView.aspxidLanguage=1&amp;idCategory=2358&amp;idDocument=4864<\/a><br \/>\n<a href=\"http:\/\/www.histrica.com\/g\/sonda8\/sonda-culture\/\">http:\/\/www.histrica.com\/g\/sonda8\/sonda-culture\/<\/a><br \/>\n<a href=\"http:\/\/www.net.hr\/infocentar\/rijeka\/page\/2009\/07\/08\/0436006.html?pos=n2\">http:\/\/www.net.hr\/infocentar\/rijeka\/page\/2009\/07\/08\/0436006.html?pos=n2<\/a><br \/>\n<a href=\"http:\/\/www.drumtidam.info\/index.php?option=com_content&amp;task=view&amp;id=1578&amp;Itemid=126\">http:\/\/www.drumtidam.info\/index.php?option=com_content&amp;task=view&amp;id=1578&amp;Itemid=126<\/a><br \/>\n<a href=\"http:\/\/www.infocroatia.com\/blog\/2009\/07\/09\/4legendfest-2009-pican-istra.htm\">http:\/\/www.infocroatia.com\/blog\/2009\/07\/09\/4legendfest-2009-pican-istra.htm<\/a><br \/>\n<a href=\"http:\/\/www.labin.com\/web\/vijest.asp?id=7445\">http:\/\/www.labin.com\/web\/vijest.asp?id=7445<\/a><br \/>\n<a href=\"http:\/\/www.r-1.hr\/4_legendfest_u_u_picnu\/27760_9\">http:\/\/www.r-1.hr\/4_legendfest_u_u_picnu\/27760_9<\/a><br \/>\n<a href=\"http:\/\/kamo.hr\/pls\/fe\/festival.festival_page?i_festival_id=477&amp;i_city_id=-1&amp;i_county_id=-1\">http:\/\/kamo.hr\/pls\/fe\/festival.festival_page?i_festival_id=477&amp;i_city_id=-1&amp;i_county_id=-1<\/a><br \/>\n<a href=\"http:\/\/www.histrica.com\/hr\/g\/sonda8\/sonda-culture\/\">http:\/\/www.histrica.com\/hr\/g\/sonda8\/sonda-culture\/<\/a><br \/>\n<a href=\"http:\/\/www.cro-rss.com\/article_sjajni_legendfest_malo_okrenuo_smjer__4380042.htm\">http:\/\/www.cro-rss.com\/article_sjajni_legendfest_malo_okrenuo_smjer__4380042.htm<\/a><br \/>\n<a href=\"http:\/\/www.radio101.hr\/?section=1&amp;page=2&amp;item=33469\">http:\/\/www.radio101.hr\/?section=1&amp;page=2&amp;item=33469<\/a><br \/>\n<a href=\"http:\/\/www.dnevnikulturni.info\/vijesti\/razno\/2486\/zmajevi_i_vile_na_legendfestu\/\">http:\/\/www.dnevnikulturni.info\/vijesti\/razno\/2486\/zmajevi_i_vile_na_legendfestu\/<\/a><\/p>\n<h3>TV 2009.:<\/h3>\n<p><a href=\"http:\/\/www.nit.hr\/content\/show\/ContentId\/1025\">http:\/\/www.nit.hr\/content\/show\/ContentId\/1025<\/a><\/p>\n<p>&#8220;Mlade dame o\u0161tre svoje vje\u0161tine u streli\u010darstvu jer prijeti im stravi\u010dno mu\u010denje, smrt od no\u017ea pretjerano razigranih dvorskih luda ili \u010dak dekapitacija. U\u010denje samoobrane na srednjovjekovni na\u010din samo je jedan od prizora koji su obilje\u017eili ovogodi\u0161nje izdanje Legendfesta, festivala legenda, narodnih pri\u010da i mitova Istre&#8230;&#8221;<\/p>\n<p>izvor:<a href=\"http:\/\/www.labin.com\/web\/vijest.asp?id=3760\"> labin.com,organizator2008., &#8220;LEGENDFEST: S vilama i vje\u0161ticama u\u017eivali i odrasli i djeca&#8221;<\/a><\/p>\n<p>&#8220;Publika pristigla iz svih krajeva Istre te Rijeke, Zagreba i Karlovca srda\u010dnim je pljeskom nagradila scensku igru s elementima kabareta koja se autoironi\u010dno poigrava s istarskim mitovima i legendama&#8230;&#8221;<\/p>\n<p><a href=\"http:\/\/legendfest.hr\/download\/Legendfest_GlasIstre-kolovoz2008.zip\">GLAS ISTRE, kolovoz 2008., &#8220;Legendfest izgubio dje\u010dju nevinost&#8221;<\/a><\/p>\n<p>&#8220;Mogu zamisliti ovaj festival kao festival europskih ili barem jadranskih legendi i mitova&#8230; &#8211; kazao je \u017eupan Ivan Jakovi\u010di\u0107 otvaraju\u0107i u subotu prvi Legendfest&#8230;&#8221;<\/p>\n<p><a href=\"http:\/\/legendfest.hr\/download\/Pican_Glas%20Istre%2031.07.06.zip\">GLAS ISTRE, 31.07.2006., &#8220;Ro\u0111en mla\u0111i brat Motovuna, Svetvin\u010denta i Gro\u017enjana&#8221;<\/a><\/p>\n<p>&#8220;Prijepodnevnom radionicom za djecu &#8220;Argonauti&#8221; ispred \u017eupne crkve ju\u010der je po\u010deo 1. Legendfest&#8230; &#8221;<\/p>\n<p><a href=\"http:\/\/legendfest.hr\/download\/Pican_Glas%20Istre%2030.07.06.zip\">GLAS ISTRE, 30.07.2006., &#8220;Pi\u0107an postao prijestolnicom misti\u010dne Istre&#8221;<\/a>[\/vc_column_text][\/vc_column][\/vc_row]<\/p>\n","protected":false},"excerpt":{"rendered":"<p>[vc_row container_width=&#8221;yes&#8221;][vc_column width=&#8221;1\/4&#8243;][\/vc_column][vc_column width=&#8221;3\/4&#8243;][vc_column_text] Media Publications Online publications\u00a02013.: Glas Istre &#8211; Nagrada pi\u0107anskom &#8220;Legendfestu&#8221; Mint.hr &#8211; Turisti\u010dke nagrade &#8220;Simply the best&#8221; HRT &#8211; Oni su &#8216;Simply the best&#8217; Zarez.hr &#8211; Legendfest i teror zmaja u Istri Glas Istre &#8211; Osmi Legendfest u znaku zmajeva Glas Istre &#8211; Legendfest: Tri dana zmajeva pi\u0107anskih Glas Istre &#8211; Pi\u0107an: Po\u010deo osmi Legendfest Glas Istre &#8211; U Pi\u0107nu se i danas vjeruje u \u0160trige Glas Istre &#8211; Istarski vampir Jure Grando u kazali\u0161noj predstavi<\/p>\n","protected":false},"author":3,"featured_media":0,"parent":0,"menu_order":0,"comment_status":"closed","ping_status":"closed","template":"","meta":[],"_links":{"self":[{"href":"http:\/\/legendfest.hr\/en\/wp-json\/wp\/v2\/pages\/5945"}],"collection":[{"href":"http:\/\/legendfest.hr\/en\/wp-json\/wp\/v2\/pages"}],"about":[{"href":"http:\/\/legendfest.hr\/en\/wp-json\/wp\/v2\/types\/page"}],"author":[{"embeddable":true,"href":"http:\/\/legendfest.hr\/en\/wp-json\/wp\/v2\/users\/3"}],"replies":[{"embeddable":true,"href":"http:\/\/legendfest.hr\/en\/wp-json\/wp\/v2\/comments?post=5945"}],"version-history":[{"count":3,"href":"http:\/\/legendfest.hr\/en\/wp-json\/wp\/v2\/pages\/5945\/revisions"}],"predecessor-version":[{"id":5947,"href":"http:\/\/legendfest.hr\/en\/wp-json\/wp\/v2\/pages\/5945\/revisions\/5947"}],"wp:attachment":[{"href":"http:\/\/legendfest.hr\/en\/wp-json\/wp\/v2\/media?parent=5945"}],"curies":[{"name":"wp","href":"https:\/\/api.w.org\/{rel}","templated":true}]}}